{"id":84,"date":"2024-02-28T00:24:55","date_gmt":"2024-02-28T00:24:55","guid":{"rendered":"https:\/\/demo.artureanec.com\/themes\/logico\/?page_id=84"},"modified":"2026-04-16T23:30:51","modified_gmt":"2026-04-16T21:30:51","slug":"services","status":"publish","type":"page","link":"https:\/\/mouvixlogistics.com\/en\/services\/","title":{"rendered":"Services"},"content":{"rendered":"<div data-elementor-type=\"wp-page\" data-elementor-id=\"84\" class=\"elementor elementor-84\" data-elementor-post-type=\"page\">\n\t\t\t\t<div class=\"aae-disable-transition elementor-element elementor-element-971b9d7 e-flex e-con-boxed cut-corner-no wcf-starter-animations-none sticky-container-off e-con e-parent\" data-id=\"971b9d7\" data-element_type=\"container\" data-e-type=\"container\" data-settings=\"{&quot;wcf-animation&quot;:&quot;fade&quot;,&quot;delay&quot;:0.2,&quot;data-duration&quot;:0.8,&quot;fade-offset&quot;:40,&quot;wcf_enable_animation_editor&quot;:&quot;yes&quot;,&quot;wcf_enable_cursor_hover_effect_text&quot;:&quot;View&quot;,&quot;aae_method&quot;:&quot;from&quot;,&quot;aae_trigger&quot;:&quot;on_scroll&quot;,&quot;fade-from&quot;:&quot;bottom&quot;,&quot;ease&quot;:&quot;power2.out&quot;,&quot;aae_enable_header_sticky_area&quot;:&quot;no&quot;,&quot;wcf_enable_horizontal_scroll&quot;:&quot;no&quot;}\">\n\t\t\t\t\t<div class=\"e-con-inner\">\n\t\t<div class=\"elementor-element elementor-element-76027db e-con-full e-grid cut-corner-no wcf-starter-animations-none sticky-container-off e-con e-child\" data-id=\"76027db\" data-element_type=\"container\" data-e-type=\"container\" data-settings=\"{&quot;wcf_enable_cursor_hover_effect_text&quot;:&quot;View&quot;,&quot;wcf-animation&quot;:&quot;none&quot;,&quot;aae_enable_header_sticky_area&quot;:&quot;no&quot;,&quot;wcf_enable_horizontal_scroll&quot;:&quot;no&quot;}\">\n\t\t\t\t<div class=\"elementor-element elementor-element-ebfa1be elementor-invisible elementor-widget elementor-widget-logico_heading\" data-id=\"ebfa1be\" data-element_type=\"widget\" data-e-type=\"widget\" data-settings=\"{&quot;_animation&quot;:&quot;logico_heading_animation&quot;,&quot;wcf-animation&quot;:&quot;none&quot;}\" data-widget_type=\"logico_heading.default\">\n\t\t\t\t<div class=\"elementor-widget-container\">\n\t\t\t\t\t<h2 class=\"logico-title\">Our transport services in Morocco\n<\/h2>\t\t\t\t<\/div>\n\t\t\t\t<\/div>\n\t\t\t\t<div class=\"elementor-element elementor-element-f5cd3f0 wcf-starter-animations-none elementor-widget elementor-widget-text-editor\" data-id=\"f5cd3f0\" data-element_type=\"widget\" data-e-type=\"widget\" data-settings=\"{&quot;wcf_starter_animations&quot;:&quot;none&quot;,&quot;wcf_anim_duration&quot;:1000,&quot;wcf_anim_delay&quot;:0,&quot;wcf_anim_ease&quot;:&quot;ease&quot;,&quot;wcf-animation&quot;:&quot;none&quot;}\" data-widget_type=\"text-editor.default\">\n\t\t\t\t\t\t\t\t\t<p>Mouvix offers a full range of transport solutions tailored to individuals and professionals, in more than 15 Moroccan cities.<\/p>\t\t\t\t\t\t\t\t<\/div>\n\t\t\t\t<\/div>\n\t\t\t\t\t<\/div>\n\t\t\t\t<\/div>\n\t\t<div class=\"aae-disable-transition elementor-element elementor-element-5fc1567 e-con-full e-flex cut-corner-no wcf-starter-animations-none sticky-container-off e-con e-parent\" data-id=\"5fc1567\" data-element_type=\"container\" data-e-type=\"container\" data-settings=\"{&quot;background_background&quot;:&quot;gradient&quot;,&quot;wcf-animation&quot;:&quot;fade&quot;,&quot;delay&quot;:0.3,&quot;data-duration&quot;:0.8,&quot;fade-offset&quot;:40,&quot;wcf_enable_animation_editor&quot;:&quot;yes&quot;,&quot;wcf_enable_cursor_hover_effect_text&quot;:&quot;View&quot;,&quot;aae_method&quot;:&quot;from&quot;,&quot;aae_trigger&quot;:&quot;on_scroll&quot;,&quot;fade-from&quot;:&quot;bottom&quot;,&quot;ease&quot;:&quot;power2.out&quot;,&quot;aae_enable_header_sticky_area&quot;:&quot;no&quot;,&quot;wcf_enable_horizontal_scroll&quot;:&quot;no&quot;}\">\n\t\t\t\t<div class=\"elementor-element elementor-element-24020bc elementor-widget__width-auto elementor-absolute elementor-widget elementor-widget-logico_decorative_block\" data-id=\"24020bc\" data-element_type=\"widget\" data-e-type=\"widget\" data-settings=\"{&quot;_position&quot;:&quot;absolute&quot;,&quot;wcf-animation&quot;:&quot;none&quot;}\" data-widget_type=\"logico_decorative_block.default\">\n\t\t\t\t<div class=\"elementor-widget-container\">\n\t\t\t\t\t            <div class=\"block-decoration animation-enable block-decoration-style-2\">\n                <div class=\"block-decoration-item\">\n                    <div class=\"decoration-accent\"><\/div>                <\/div>\n            <\/div>\n        \t\t\t\t<\/div>\n\t\t\t\t<\/div>\n\t\t<div class=\"elementor-element elementor-element-ee4a445 e-flex e-con-boxed cut-corner-no wcf-starter-animations-none sticky-container-off e-con e-child\" data-id=\"ee4a445\" data-element_type=\"container\" data-e-type=\"container\" data-settings=\"{&quot;wcf_enable_cursor_hover_effect_text&quot;:&quot;View&quot;,&quot;wcf-animation&quot;:&quot;none&quot;,&quot;aae_enable_header_sticky_area&quot;:&quot;no&quot;,&quot;wcf_enable_horizontal_scroll&quot;:&quot;no&quot;}\">\n\t\t\t\t\t<div class=\"e-con-inner\">\n\t\t<div class=\"aae-disable-transition elementor-element elementor-element-4821437 e-con-full e-flex cut-corner-no wcf-starter-animations-none sticky-container-off e-con e-child\" data-id=\"4821437\" data-element_type=\"container\" data-e-type=\"container\" data-settings=\"{&quot;wcf-animation&quot;:&quot;fade&quot;,&quot;delay&quot;:0.4,&quot;fade-from&quot;:&quot;left&quot;,&quot;data-duration&quot;:0.8,&quot;fade-offset&quot;:40,&quot;wcf_enable_cursor_hover_effect_text&quot;:&quot;View&quot;,&quot;aae_method&quot;:&quot;from&quot;,&quot;aae_trigger&quot;:&quot;on_scroll&quot;,&quot;ease&quot;:&quot;power2.out&quot;,&quot;aae_enable_header_sticky_area&quot;:&quot;no&quot;,&quot;wcf_enable_horizontal_scroll&quot;:&quot;no&quot;}\">\n\t\t\t\t<div class=\"elementor-element elementor-element-cf514a2 elementor-widget elementor-widget-logico_heading\" data-id=\"cf514a2\" data-element_type=\"widget\" data-e-type=\"widget\" data-settings=\"{&quot;wcf-animation&quot;:&quot;none&quot;}\" data-widget_type=\"logico_heading.default\">\n\t\t\t\t<div class=\"elementor-widget-container\">\n\t\t\t\t\t<div class=\"logico-title\">Our options\n<\/div>\t\t\t\t<\/div>\n\t\t\t\t<\/div>\n\t\t\t\t<div class=\"elementor-element elementor-element-ffb3fe8 elementor-widget__width-initial elementor-invisible elementor-widget elementor-widget-logico_heading\" data-id=\"ffb3fe8\" data-element_type=\"widget\" data-e-type=\"widget\" data-settings=\"{&quot;_animation&quot;:&quot;logico_heading_animation&quot;,&quot;wcf-animation&quot;:&quot;none&quot;}\" data-widget_type=\"logico_heading.default\">\n\t\t\t\t<div class=\"elementor-widget-container\">\n\t\t\t\t\t<h3 class=\"logico-title\">What&#039;s included\n<\/h3>\t\t\t\t<\/div>\n\t\t\t\t<\/div>\n\t\t\t\t<\/div>\n\t\t\t\t\t<\/div>\n\t\t\t\t<\/div>\n\t\t<div class=\"elementor-element elementor-element-d2c35a8 e-con-full e-flex cut-corner-no wcf-starter-animations-none sticky-container-off e-con e-child\" data-id=\"d2c35a8\" data-element_type=\"container\" data-e-type=\"container\" data-settings=\"{&quot;wcf_enable_cursor_hover_effect_text&quot;:&quot;View&quot;,&quot;wcf-animation&quot;:&quot;none&quot;,&quot;aae_enable_header_sticky_area&quot;:&quot;no&quot;,&quot;wcf_enable_horizontal_scroll&quot;:&quot;no&quot;}\">\n\t\t\t\t<div class=\"elementor-element elementor-element-73d9c71 elementor-widget__width-initial elementor-widget elementor-widget-accordion\" data-id=\"73d9c71\" data-element_type=\"widget\" data-e-type=\"widget\" data-settings=\"{&quot;wcf-animation&quot;:&quot;fade&quot;,&quot;delay&quot;:0.4,&quot;fade-from&quot;:&quot;right&quot;,&quot;data-duration&quot;:0.8,&quot;fade-offset&quot;:40,&quot;aae_method&quot;:&quot;from&quot;,&quot;aae_trigger&quot;:&quot;on_scroll&quot;,&quot;ease&quot;:&quot;power2.out&quot;}\" data-widget_type=\"accordion.default\">\n\t\t\t\t\t\t\t<div class=\"elementor-accordion\">\n\t\t\t\t\t\t\t<div class=\"elementor-accordion-item\">\n\t\t\t\t\t<div id=\"elementor-tab-title-1211\" class=\"elementor-tab-title\" data-tab=\"1\" role=\"button\" aria-controls=\"elementor-tab-content-1211\" aria-expanded=\"false\">\n\t\t\t\t\t\t\t\t\t\t\t\t\t<span class=\"elementor-accordion-icon elementor-accordion-icon-right\" aria-hidden=\"true\">\n\t\t\t\t\t\t\t\t\t\t\t\t\t\t\t<span class=\"elementor-accordion-icon-closed\"><i class=\"fontello icon-arrow-x-r-down\"><\/i><\/span>\n\t\t\t\t\t\t\t\t<span class=\"elementor-accordion-icon-opened\"><i class=\"fontello icon-arrow-x-r-top\"><\/i><\/span>\n\t\t\t\t\t\t\t\t\t\t\t\t\t\t<\/span>\n\t\t\t\t\t\t\t\t\t\t\t\t<a class=\"elementor-accordion-title\" tabindex=\"0\">Last mile delivery<\/a>\n\t\t\t\t\t<\/div>\n\t\t\t\t\t<div id=\"elementor-tab-content-1211\" class=\"elementor-tab-content elementor-clearfix\" data-tab=\"1\" role=\"region\" aria-labelledby=\"elementor-tab-title-1211\"><p>The last mile is often the most complex and expensive. Mouvix simplifies this step for Moroccan e-commerce businesses by ensuring fast and traceable delivery right to the end customer&#039;s door.<\/p><\/div>\n\t\t\t\t<\/div>\n\t\t\t\t\t\t\t<div class=\"elementor-accordion-item\">\n\t\t\t\t\t<div id=\"elementor-tab-title-1212\" class=\"elementor-tab-title\" data-tab=\"2\" role=\"button\" aria-controls=\"elementor-tab-content-1212\" aria-expanded=\"false\">\n\t\t\t\t\t\t\t\t\t\t\t\t\t<span class=\"elementor-accordion-icon elementor-accordion-icon-right\" aria-hidden=\"true\">\n\t\t\t\t\t\t\t\t\t\t\t\t\t\t\t<span class=\"elementor-accordion-icon-closed\"><i class=\"fontello icon-arrow-x-r-down\"><\/i><\/span>\n\t\t\t\t\t\t\t\t<span class=\"elementor-accordion-icon-opened\"><i class=\"fontello icon-arrow-x-r-top\"><\/i><\/span>\n\t\t\t\t\t\t\t\t\t\t\t\t\t\t<\/span>\n\t\t\t\t\t\t\t\t\t\t\t\t<a class=\"elementor-accordion-title\" tabindex=\"0\">Van hire with driver<\/a>\n\t\t\t\t\t<\/div>\n\t\t\t\t\t<div id=\"elementor-tab-content-1212\" class=\"elementor-tab-content elementor-clearfix\" data-tab=\"2\" role=\"region\" aria-labelledby=\"elementor-tab-title-1212\"><p>Do you need to transport boxes, professional equipment, stock or supplies? Book a van suited to your load without paying the price of a truck.<\/p><\/div>\n\t\t\t\t<\/div>\n\t\t\t\t\t\t\t<div class=\"elementor-accordion-item\">\n\t\t\t\t\t<div id=\"elementor-tab-title-1213\" class=\"elementor-tab-title\" data-tab=\"3\" role=\"button\" aria-controls=\"elementor-tab-content-1213\" aria-expanded=\"false\">\n\t\t\t\t\t\t\t\t\t\t\t\t\t<span class=\"elementor-accordion-icon elementor-accordion-icon-right\" aria-hidden=\"true\">\n\t\t\t\t\t\t\t\t\t\t\t\t\t\t\t<span class=\"elementor-accordion-icon-closed\"><i class=\"fontello icon-arrow-x-r-down\"><\/i><\/span>\n\t\t\t\t\t\t\t\t<span class=\"elementor-accordion-icon-opened\"><i class=\"fontello icon-arrow-x-r-top\"><\/i><\/span>\n\t\t\t\t\t\t\t\t\t\t\t\t\t\t<\/span>\n\t\t\t\t\t\t\t\t\t\t\t\t<a class=\"elementor-accordion-title\" tabindex=\"0\">Furniture and appliance transport<\/a>\n\t\t\t\t\t<\/div>\n\t\t\t\t\t<div id=\"elementor-tab-content-1213\" class=\"elementor-tab-content elementor-clearfix\" data-tab=\"3\" role=\"region\" aria-labelledby=\"elementor-tab-title-1213\"><p>Have you bought a sofa online, a fridge on Marketplace, or are you moving to a new apartment? Mouvix will take care of transporting your furniture and appliances safely.<\/p><\/div>\n\t\t\t\t<\/div>\n\t\t\t\t\t\t\t<div class=\"elementor-accordion-item\">\n\t\t\t\t\t<div id=\"elementor-tab-title-1214\" class=\"elementor-tab-title\" data-tab=\"4\" role=\"button\" aria-controls=\"elementor-tab-content-1214\" aria-expanded=\"false\">\n\t\t\t\t\t\t\t\t\t\t\t\t\t<span class=\"elementor-accordion-icon elementor-accordion-icon-right\" aria-hidden=\"true\">\n\t\t\t\t\t\t\t\t\t\t\t\t\t\t\t<span class=\"elementor-accordion-icon-closed\"><i class=\"fontello icon-arrow-x-r-down\"><\/i><\/span>\n\t\t\t\t\t\t\t\t<span class=\"elementor-accordion-icon-opened\"><i class=\"fontello icon-arrow-x-r-top\"><\/i><\/span>\n\t\t\t\t\t\t\t\t\t\t\t\t\t\t<\/span>\n\t\t\t\t\t\t\t\t\t\t\t\t<a class=\"elementor-accordion-title\" tabindex=\"0\">Same day express delivery<\/a>\n\t\t\t\t\t<\/div>\n\t\t\t\t\t<div id=\"elementor-tab-content-1214\" class=\"elementor-tab-content elementor-clearfix\" data-tab=\"4\" role=\"region\" aria-labelledby=\"elementor-tab-title-1214\"><p>For urgent shipments, Mouvix offers an express service with collection within the hour and guaranteed same-day delivery within the same city.<\/p><\/div>\n\t\t\t\t<\/div>\n\t\t\t\t\t\t\t\t<\/div>\n\t\t\t\t\t\t<\/div>\n\t\t\t\t<\/div>\n\t\t\t\t<\/div>\n\t\t<div class=\"aae-disable-transition elementor-element elementor-element-ffab740 e-flex e-con-boxed cut-corner-no wcf-starter-animations-none sticky-container-off e-con e-parent\" data-id=\"ffab740\" data-element_type=\"container\" data-e-type=\"container\" data-settings=\"{&quot;background_background&quot;:&quot;classic&quot;,&quot;wcf-animation&quot;:&quot;fade&quot;,&quot;delay&quot;:0,&quot;data-duration&quot;:0.8,&quot;fade-offset&quot;:40,&quot;wcf_enable_animation_editor&quot;:&quot;yes&quot;,&quot;wcf_enable_cursor_hover_effect_text&quot;:&quot;View&quot;,&quot;aae_method&quot;:&quot;from&quot;,&quot;aae_trigger&quot;:&quot;on_scroll&quot;,&quot;fade-from&quot;:&quot;bottom&quot;,&quot;ease&quot;:&quot;power2.out&quot;,&quot;aae_enable_header_sticky_area&quot;:&quot;no&quot;,&quot;wcf_enable_horizontal_scroll&quot;:&quot;no&quot;}\">\n\t\t\t\t\t<div class=\"e-con-inner\">\n\t\t\t\t<div class=\"elementor-element elementor-element-8f492c3 elementor-widget elementor-widget-image-carousel\" data-id=\"8f492c3\" data-element_type=\"widget\" data-e-type=\"widget\" data-settings=\"{&quot;slides_to_show&quot;:&quot;6&quot;,&quot;slides_to_show_tablet&quot;:&quot;4&quot;,&quot;navigation&quot;:&quot;none&quot;,&quot;pause_on_hover&quot;:&quot;no&quot;,&quot;pause_on_interaction&quot;:&quot;no&quot;,&quot;image_spacing_custom&quot;:{&quot;unit&quot;:&quot;px&quot;,&quot;size&quot;:&quot;55&quot;,&quot;sizes&quot;:[]},&quot;slides_to_scroll_tablet&quot;:&quot;1&quot;,&quot;autoplay&quot;:&quot;yes&quot;,&quot;autoplay_speed&quot;:5000,&quot;infinite&quot;:&quot;yes&quot;,&quot;speed&quot;:500,&quot;image_spacing_custom_laptop&quot;:{&quot;unit&quot;:&quot;px&quot;,&quot;size&quot;:&quot;&quot;,&quot;sizes&quot;:[]},&quot;image_spacing_custom_tablet_extra&quot;:{&quot;unit&quot;:&quot;px&quot;,&quot;size&quot;:&quot;&quot;,&quot;sizes&quot;:[]},&quot;image_spacing_custom_tablet&quot;:{&quot;unit&quot;:&quot;px&quot;,&quot;size&quot;:&quot;&quot;,&quot;sizes&quot;:[]},&quot;image_spacing_custom_mobile_extra&quot;:{&quot;unit&quot;:&quot;px&quot;,&quot;size&quot;:&quot;&quot;,&quot;sizes&quot;:[]},&quot;image_spacing_custom_mobile&quot;:{&quot;unit&quot;:&quot;px&quot;,&quot;size&quot;:&quot;&quot;,&quot;sizes&quot;:[]},&quot;wcf-animation&quot;:&quot;none&quot;}\" data-widget_type=\"image-carousel.default\">\n\t\t\t\t\t\t\t<div class=\"elementor-image-carousel-wrapper swiper\" role=\"region\" aria-roledescription=\"carousel\" aria-label=\"Image carousel\" dir=\"ltr\">\n\t\t\t<div class=\"elementor-image-carousel swiper-wrapper\" aria-live=\"off\">\n\t\t\t\t\t\t\t\t<div class=\"swiper-slide\" role=\"group\" aria-roledescription=\"slide\" aria-label=\"1 of 6\"><figure class=\"swiper-slide-inner\"><img decoding=\"async\" class=\"swiper-slide-image\" src=\"https:\/\/mouvixlogistics.com\/wp-content\/uploads\/2026\/04\/decathlon-logo.png\" alt=\"decathlon logo\" \/><\/figure><\/div><div class=\"swiper-slide\" role=\"group\" aria-roledescription=\"slide\" aria-label=\"2 out of 6\"><figure class=\"swiper-slide-inner\"><img decoding=\"async\" class=\"swiper-slide-image\" src=\"https:\/\/mouvixlogistics.com\/wp-content\/uploads\/2026\/04\/marjane-logo.png\" alt=\"marjane logo\" \/><\/figure><\/div><div class=\"swiper-slide\" role=\"group\" aria-roledescription=\"slide\" aria-label=\"3 out of 6\"><figure class=\"swiper-slide-inner\"><img decoding=\"async\" class=\"swiper-slide-image\" src=\"https:\/\/mouvixlogistics.com\/wp-content\/uploads\/2026\/04\/kazyon-logo.webp\" alt=\"kazyon-logo\" \/><\/figure><\/div><div class=\"swiper-slide\" role=\"group\" aria-roledescription=\"slide\" aria-label=\"4 out of 6\"><figure class=\"swiper-slide-inner\"><img decoding=\"async\" class=\"swiper-slide-image\" src=\"https:\/\/mouvixlogistics.com\/wp-content\/uploads\/2026\/04\/Kitea.png\" alt=\"Kitea\" \/><\/figure><\/div><div class=\"swiper-slide\" role=\"group\" aria-roledescription=\"slide\" aria-label=\"5 out of 6\"><figure class=\"swiper-slide-inner\"><img decoding=\"async\" class=\"swiper-slide-image\" src=\"https:\/\/mouvixlogistics.com\/wp-content\/uploads\/2026\/04\/avito-logo.png\" alt=\"avito logo\" \/><\/figure><\/div><div class=\"swiper-slide\" role=\"group\" aria-roledescription=\"slide\" aria-label=\"6 out of 6\"><figure class=\"swiper-slide-inner\"><img decoding=\"async\" class=\"swiper-slide-image\" src=\"https:\/\/mouvixlogistics.com\/wp-content\/uploads\/2026\/04\/LOGO-BIOUGNACH.png\" alt=\"LOGO-BIOUGNACH\" \/><\/figure><\/div>\t\t\t<\/div>\n\t\t\t\t\t\t\t\n\t\t\t\t\t\t\t\t\t<\/div>\n\t\t\t\t\t\t<\/div>\n\t\t\t\t\t<\/div>\n\t\t\t\t<\/div>\n\t\t\t\t<\/div>","protected":false},"excerpt":{"rendered":"<p>Mouvix propose une gamme compl\u00e8te de solutions de transport adapt\u00e9es aux particuliers et aux professionnels, dans plus de 15 villes marocaines. Livraison du dernier kilom\u00e8tre Le dernier kilom\u00e8tre est souvent le plus complexe et le plus co\u00fbteux. Mouvix simplifie cette \u00e9tape&#8230;<\/p>","protected":false},"author":1,"featured_media":0,"parent":0,"menu_order":0,"comment_status":"closed","ping_status":"closed","template":"","meta":{"footnotes":""},"class_list":["post-84","page","type-page","status-publish","hentry"],"_links":{"self":[{"href":"https:\/\/mouvixlogistics.com\/en\/wp-json\/wp\/v2\/pages\/84","targetHints":{"allow":["GET"]}}],"collection":[{"href":"https:\/\/mouvixlogistics.com\/en\/wp-json\/wp\/v2\/pages"}],"about":[{"href":"https:\/\/mouvixlogistics.com\/en\/wp-json\/wp\/v2\/types\/page"}],"author":[{"embeddable":true,"href":"https:\/\/mouvixlogistics.com\/en\/wp-json\/wp\/v2\/users\/1"}],"replies":[{"embeddable":true,"href":"https:\/\/mouvixlogistics.com\/en\/wp-json\/wp\/v2\/comments?post=84"}],"version-history":[{"count":10,"href":"https:\/\/mouvixlogistics.com\/en\/wp-json\/wp\/v2\/pages\/84\/revisions"}],"predecessor-version":[{"id":10065,"href":"https:\/\/mouvixlogistics.com\/en\/wp-json\/wp\/v2\/pages\/84\/revisions\/10065"}],"wp:attachment":[{"href":"https:\/\/mouvixlogistics.com\/en\/wp-json\/wp\/v2\/media?parent=84"}],"curies":[{"name":"wp","href":"https:\/\/api.w.org\/{rel}","templated":true}]}}