{"id":84,"date":"2024-02-28T00:24:55","date_gmt":"2024-02-28T00:24:55","guid":{"rendered":"https:\/\/demo.artureanec.com\/themes\/logico\/?page_id=84"},"modified":"2026-04-16T23:30:51","modified_gmt":"2026-04-16T21:30:51","slug":"services","status":"publish","type":"page","link":"https:\/\/mouvixlogistics.com\/ar\/services\/","title":{"rendered":"\u062e\u062f\u0645\u0627\u062a \u0627\u0644\u0646\u0642\u0644"},"content":{"rendered":"<div data-elementor-type=\"wp-page\" data-elementor-id=\"84\" class=\"elementor elementor-84\" data-elementor-post-type=\"page\">\n\t\t\t\t<div class=\"aae-disable-transition elementor-element elementor-element-971b9d7 e-flex e-con-boxed cut-corner-no wcf-starter-animations-none sticky-container-off e-con e-parent\" data-id=\"971b9d7\" data-element_type=\"container\" data-e-type=\"container\" data-settings=\"{&quot;wcf-animation&quot;:&quot;fade&quot;,&quot;delay&quot;:0.2,&quot;data-duration&quot;:0.8,&quot;fade-offset&quot;:40,&quot;wcf_enable_animation_editor&quot;:&quot;yes&quot;,&quot;wcf_enable_cursor_hover_effect_text&quot;:&quot;View&quot;,&quot;aae_method&quot;:&quot;from&quot;,&quot;aae_trigger&quot;:&quot;on_scroll&quot;,&quot;fade-from&quot;:&quot;bottom&quot;,&quot;ease&quot;:&quot;power2.out&quot;,&quot;aae_enable_header_sticky_area&quot;:&quot;no&quot;,&quot;wcf_enable_horizontal_scroll&quot;:&quot;no&quot;}\">\n\t\t\t\t\t<div class=\"e-con-inner\">\n\t\t<div class=\"elementor-element elementor-element-76027db e-con-full e-grid cut-corner-no wcf-starter-animations-none sticky-container-off e-con e-child\" data-id=\"76027db\" data-element_type=\"container\" data-e-type=\"container\" data-settings=\"{&quot;wcf_enable_cursor_hover_effect_text&quot;:&quot;View&quot;,&quot;wcf-animation&quot;:&quot;none&quot;,&quot;aae_enable_header_sticky_area&quot;:&quot;no&quot;,&quot;wcf_enable_horizontal_scroll&quot;:&quot;no&quot;}\">\n\t\t\t\t<div class=\"elementor-element elementor-element-ebfa1be elementor-invisible elementor-widget elementor-widget-logico_heading\" data-id=\"ebfa1be\" data-element_type=\"widget\" data-e-type=\"widget\" data-settings=\"{&quot;_animation&quot;:&quot;logico_heading_animation&quot;,&quot;wcf-animation&quot;:&quot;none&quot;}\" data-widget_type=\"logico_heading.default\">\n\t\t\t\t<div class=\"elementor-widget-container\">\n\t\t\t\t\t<h2 class=\"logico-title\">\u062e\u062f\u0645\u0627\u062a \u0627\u0644\u0646\u0642\u0644 \u0644\u062f\u064a\u0646\u0627 \u0641\u064a \u0627\u0644\u0645\u063a\u0631\u0628\n<\/h2>\t\t\t\t<\/div>\n\t\t\t\t<\/div>\n\t\t\t\t<div class=\"elementor-element elementor-element-f5cd3f0 wcf-starter-animations-none elementor-widget elementor-widget-text-editor\" data-id=\"f5cd3f0\" data-element_type=\"widget\" data-e-type=\"widget\" data-settings=\"{&quot;wcf_starter_animations&quot;:&quot;none&quot;,&quot;wcf_anim_duration&quot;:1000,&quot;wcf_anim_delay&quot;:0,&quot;wcf_anim_ease&quot;:&quot;ease&quot;,&quot;wcf-animation&quot;:&quot;none&quot;}\" data-widget_type=\"text-editor.default\">\n\t\t\t\t\t\t\t\t\t<p>\u062a\u0642\u062f\u0645 \u0634\u0631\u0643\u0629 Mouvix \u0645\u062c\u0645\u0648\u0639\u0629 \u0643\u0627\u0645\u0644\u0629 \u0645\u0646 \u062d\u0644\u0648\u0644 \u0627\u0644\u0646\u0642\u0644 \u0627\u0644\u0645\u0635\u0645\u0645\u0629 \u062e\u0635\u064a\u0635\u064b\u0627 \u0644\u0644\u0623\u0641\u0631\u0627\u062f \u0648\u0627\u0644\u0645\u0647\u0646\u064a\u064a\u0646\u060c \u0641\u064a \u0623\u0643\u062b\u0631 \u0645\u0646 15 \u0645\u062f\u064a\u0646\u0629 \u0645\u063a\u0631\u0628\u064a\u0629.<\/p>\t\t\t\t\t\t\t\t<\/div>\n\t\t\t\t<\/div>\n\t\t\t\t\t<\/div>\n\t\t\t\t<\/div>\n\t\t<div class=\"aae-disable-transition elementor-element elementor-element-5fc1567 e-con-full e-flex cut-corner-no wcf-starter-animations-none sticky-container-off e-con e-parent\" data-id=\"5fc1567\" data-element_type=\"container\" data-e-type=\"container\" data-settings=\"{&quot;background_background&quot;:&quot;gradient&quot;,&quot;wcf-animation&quot;:&quot;fade&quot;,&quot;delay&quot;:0.3,&quot;data-duration&quot;:0.8,&quot;fade-offset&quot;:40,&quot;wcf_enable_animation_editor&quot;:&quot;yes&quot;,&quot;wcf_enable_cursor_hover_effect_text&quot;:&quot;View&quot;,&quot;aae_method&quot;:&quot;from&quot;,&quot;aae_trigger&quot;:&quot;on_scroll&quot;,&quot;fade-from&quot;:&quot;bottom&quot;,&quot;ease&quot;:&quot;power2.out&quot;,&quot;aae_enable_header_sticky_area&quot;:&quot;no&quot;,&quot;wcf_enable_horizontal_scroll&quot;:&quot;no&quot;}\">\n\t\t\t\t<div class=\"elementor-element elementor-element-24020bc elementor-widget__width-auto elementor-absolute elementor-widget elementor-widget-logico_decorative_block\" data-id=\"24020bc\" data-element_type=\"widget\" data-e-type=\"widget\" data-settings=\"{&quot;_position&quot;:&quot;absolute&quot;,&quot;wcf-animation&quot;:&quot;none&quot;}\" data-widget_type=\"logico_decorative_block.default\">\n\t\t\t\t<div class=\"elementor-widget-container\">\n\t\t\t\t\t            <div class=\"block-decoration animation-enable block-decoration-style-2\">\n                <div class=\"block-decoration-item\">\n                    <div class=\"decoration-accent\"><\/div>                <\/div>\n            <\/div>\n        \t\t\t\t<\/div>\n\t\t\t\t<\/div>\n\t\t<div class=\"elementor-element elementor-element-ee4a445 e-flex e-con-boxed cut-corner-no wcf-starter-animations-none sticky-container-off e-con e-child\" data-id=\"ee4a445\" data-element_type=\"container\" data-e-type=\"container\" data-settings=\"{&quot;wcf_enable_cursor_hover_effect_text&quot;:&quot;View&quot;,&quot;wcf-animation&quot;:&quot;none&quot;,&quot;aae_enable_header_sticky_area&quot;:&quot;no&quot;,&quot;wcf_enable_horizontal_scroll&quot;:&quot;no&quot;}\">\n\t\t\t\t\t<div class=\"e-con-inner\">\n\t\t<div class=\"aae-disable-transition elementor-element elementor-element-4821437 e-con-full e-flex cut-corner-no wcf-starter-animations-none sticky-container-off e-con e-child\" data-id=\"4821437\" data-element_type=\"container\" data-e-type=\"container\" data-settings=\"{&quot;wcf-animation&quot;:&quot;fade&quot;,&quot;delay&quot;:0.4,&quot;fade-from&quot;:&quot;left&quot;,&quot;data-duration&quot;:0.8,&quot;fade-offset&quot;:40,&quot;wcf_enable_cursor_hover_effect_text&quot;:&quot;View&quot;,&quot;aae_method&quot;:&quot;from&quot;,&quot;aae_trigger&quot;:&quot;on_scroll&quot;,&quot;ease&quot;:&quot;power2.out&quot;,&quot;aae_enable_header_sticky_area&quot;:&quot;no&quot;,&quot;wcf_enable_horizontal_scroll&quot;:&quot;no&quot;}\">\n\t\t\t\t<div class=\"elementor-element elementor-element-cf514a2 elementor-widget elementor-widget-logico_heading\" data-id=\"cf514a2\" data-element_type=\"widget\" data-e-type=\"widget\" data-settings=\"{&quot;wcf-animation&quot;:&quot;none&quot;}\" data-widget_type=\"logico_heading.default\">\n\t\t\t\t<div class=\"elementor-widget-container\">\n\t\t\t\t\t<div class=\"logico-title\">\u062e\u064a\u0627\u0631\u0627\u062a\u0646\u0627\n<\/div>\t\t\t\t<\/div>\n\t\t\t\t<\/div>\n\t\t\t\t<div class=\"elementor-element elementor-element-ffb3fe8 elementor-widget__width-initial elementor-invisible elementor-widget elementor-widget-logico_heading\" data-id=\"ffb3fe8\" data-element_type=\"widget\" data-e-type=\"widget\" data-settings=\"{&quot;_animation&quot;:&quot;logico_heading_animation&quot;,&quot;wcf-animation&quot;:&quot;none&quot;}\" data-widget_type=\"logico_heading.default\">\n\t\t\t\t<div class=\"elementor-widget-container\">\n\t\t\t\t\t<h3 class=\"logico-title\">\u0627\u0644\u0645\u062d\u062a\u0648\u064a\u0627\u062a\n<\/h3>\t\t\t\t<\/div>\n\t\t\t\t<\/div>\n\t\t\t\t<\/div>\n\t\t\t\t\t<\/div>\n\t\t\t\t<\/div>\n\t\t<div class=\"elementor-element elementor-element-d2c35a8 e-con-full e-flex cut-corner-no wcf-starter-animations-none sticky-container-off e-con e-child\" data-id=\"d2c35a8\" data-element_type=\"container\" data-e-type=\"container\" data-settings=\"{&quot;wcf_enable_cursor_hover_effect_text&quot;:&quot;View&quot;,&quot;wcf-animation&quot;:&quot;none&quot;,&quot;aae_enable_header_sticky_area&quot;:&quot;no&quot;,&quot;wcf_enable_horizontal_scroll&quot;:&quot;no&quot;}\">\n\t\t\t\t<div class=\"elementor-element elementor-element-73d9c71 elementor-widget__width-initial elementor-widget elementor-widget-accordion\" data-id=\"73d9c71\" data-element_type=\"widget\" data-e-type=\"widget\" data-settings=\"{&quot;wcf-animation&quot;:&quot;fade&quot;,&quot;delay&quot;:0.4,&quot;fade-from&quot;:&quot;right&quot;,&quot;data-duration&quot;:0.8,&quot;fade-offset&quot;:40,&quot;aae_method&quot;:&quot;from&quot;,&quot;aae_trigger&quot;:&quot;on_scroll&quot;,&quot;ease&quot;:&quot;power2.out&quot;}\" data-widget_type=\"accordion.default\">\n\t\t\t\t\t\t\t<div class=\"elementor-accordion\">\n\t\t\t\t\t\t\t<div class=\"elementor-accordion-item\">\n\t\t\t\t\t<div id=\"elementor-tab-title-1211\" class=\"elementor-tab-title\" data-tab=\"1\" role=\"button\" aria-controls=\"elementor-tab-content-1211\" aria-expanded=\"false\">\n\t\t\t\t\t\t\t\t\t\t\t\t\t<span class=\"elementor-accordion-icon elementor-accordion-icon-right\" aria-hidden=\"true\">\n\t\t\t\t\t\t\t\t\t\t\t\t\t\t\t<span class=\"elementor-accordion-icon-closed\"><i class=\"fontello icon-arrow-x-r-down\"><\/i><\/span>\n\t\t\t\t\t\t\t\t<span class=\"elementor-accordion-icon-opened\"><i class=\"fontello icon-arrow-x-r-top\"><\/i><\/span>\n\t\t\t\t\t\t\t\t\t\t\t\t\t\t<\/span>\n\t\t\t\t\t\t\t\t\t\t\t\t<a class=\"elementor-accordion-title\" tabindex=\"0\">\u062a\u0648\u0635\u064a\u0644 \u0627\u0644\u0645\u064a\u0644 \u0627\u0644\u0623\u062e\u064a\u0631<\/a>\n\t\t\t\t\t<\/div>\n\t\t\t\t\t<div id=\"elementor-tab-content-1211\" class=\"elementor-tab-content elementor-clearfix\" data-tab=\"1\" role=\"region\" aria-labelledby=\"elementor-tab-title-1211\"><p>\u063a\u0627\u0644\u0628\u0627\u064b \u0645\u0627 \u062a\u0643\u0648\u0646 \u0627\u0644\u0645\u0631\u062d\u0644\u0629 \u0627\u0644\u0623\u062e\u064a\u0631\u0629 \u0645\u0646 \u0639\u0645\u0644\u064a\u0629 \u0627\u0644\u062a\u0648\u0635\u064a\u0644 \u0647\u064a \u0627\u0644\u0623\u0643\u062b\u0631 \u062a\u0639\u0642\u064a\u062f\u0627\u064b \u0648\u062a\u0643\u0644\u0641\u0629. \u062a\u064f\u0633\u0647\u0651\u0644 \u0645\u0646\u0635\u0629 Mouvix \u0647\u0630\u0647 \u0627\u0644\u062e\u0637\u0648\u0629 \u0644\u0634\u0631\u0643\u0627\u062a \u0627\u0644\u062a\u062c\u0627\u0631\u0629 \u0627\u0644\u0625\u0644\u0643\u062a\u0631\u0648\u0646\u064a\u0629 \u0627\u0644\u0645\u063a\u0631\u0628\u064a\u0629 \u0645\u0646 \u062e\u0644\u0627\u0644 \u0636\u0645\u0627\u0646 \u062a\u0648\u0635\u064a\u0644 \u0633\u0631\u064a\u0639 \u0648\u0642\u0627\u0628\u0644 \u0644\u0644\u062a\u062a\u0628\u0639 \u0645\u0628\u0627\u0634\u0631\u0629\u064b \u0625\u0644\u0649 \u0628\u0627\u0628 \u0627\u0644\u0639\u0645\u064a\u0644 \u0627\u0644\u0646\u0647\u0627\u0626\u064a.<\/p><\/div>\n\t\t\t\t<\/div>\n\t\t\t\t\t\t\t<div class=\"elementor-accordion-item\">\n\t\t\t\t\t<div id=\"elementor-tab-title-1212\" class=\"elementor-tab-title\" data-tab=\"2\" role=\"button\" aria-controls=\"elementor-tab-content-1212\" aria-expanded=\"false\">\n\t\t\t\t\t\t\t\t\t\t\t\t\t<span class=\"elementor-accordion-icon elementor-accordion-icon-right\" aria-hidden=\"true\">\n\t\t\t\t\t\t\t\t\t\t\t\t\t\t\t<span class=\"elementor-accordion-icon-closed\"><i class=\"fontello icon-arrow-x-r-down\"><\/i><\/span>\n\t\t\t\t\t\t\t\t<span class=\"elementor-accordion-icon-opened\"><i class=\"fontello icon-arrow-x-r-top\"><\/i><\/span>\n\t\t\t\t\t\t\t\t\t\t\t\t\t\t<\/span>\n\t\t\t\t\t\t\t\t\t\t\t\t<a class=\"elementor-accordion-title\" tabindex=\"0\">\u0627\u0633\u062a\u0626\u062c\u0627\u0631 \u0633\u064a\u0627\u0631\u0629 \u0641\u0627\u0646 \u0645\u0639 \u0633\u0627\u0626\u0642<\/a>\n\t\t\t\t\t<\/div>\n\t\t\t\t\t<div id=\"elementor-tab-content-1212\" class=\"elementor-tab-content elementor-clearfix\" data-tab=\"2\" role=\"region\" aria-labelledby=\"elementor-tab-title-1212\"><p>\u0647\u0644 \u062a\u062d\u062a\u0627\u062c \u0625\u0644\u0649 \u0646\u0642\u0644 \u0635\u0646\u0627\u062f\u064a\u0642 \u0623\u0648 \u0645\u0639\u062f\u0627\u062a \u0645\u0647\u0646\u064a\u0629 \u0623\u0648 \u0628\u0636\u0627\u0626\u0639 \u0623\u0648 \u0644\u0648\u0627\u0632\u0645\u061f \u0627\u062d\u062c\u0632 \u0634\u0627\u062d\u0646\u0629 \u0635\u063a\u064a\u0631\u0629 \u0645\u0646\u0627\u0633\u0628\u0629 \u0644\u062d\u0645\u0648\u0644\u062a\u0643 \u062f\u0648\u0646 \u062f\u0641\u0639 \u062b\u0645\u0646 \u0634\u0627\u062d\u0646\u0629 \u0643\u0628\u064a\u0631\u0629.<\/p><\/div>\n\t\t\t\t<\/div>\n\t\t\t\t\t\t\t<div class=\"elementor-accordion-item\">\n\t\t\t\t\t<div id=\"elementor-tab-title-1213\" class=\"elementor-tab-title\" data-tab=\"3\" role=\"button\" aria-controls=\"elementor-tab-content-1213\" aria-expanded=\"false\">\n\t\t\t\t\t\t\t\t\t\t\t\t\t<span class=\"elementor-accordion-icon elementor-accordion-icon-right\" aria-hidden=\"true\">\n\t\t\t\t\t\t\t\t\t\t\t\t\t\t\t<span class=\"elementor-accordion-icon-closed\"><i class=\"fontello icon-arrow-x-r-down\"><\/i><\/span>\n\t\t\t\t\t\t\t\t<span class=\"elementor-accordion-icon-opened\"><i class=\"fontello icon-arrow-x-r-top\"><\/i><\/span>\n\t\t\t\t\t\t\t\t\t\t\t\t\t\t<\/span>\n\t\t\t\t\t\t\t\t\t\t\t\t<a class=\"elementor-accordion-title\" tabindex=\"0\">\u0646\u0642\u0644 \u0627\u0644\u0623\u062b\u0627\u062b \u0648\u0627\u0644\u0623\u062c\u0647\u0632\u0629<\/a>\n\t\t\t\t\t<\/div>\n\t\t\t\t\t<div id=\"elementor-tab-content-1213\" class=\"elementor-tab-content elementor-clearfix\" data-tab=\"3\" role=\"region\" aria-labelledby=\"elementor-tab-title-1213\"><p>\u0647\u0644 \u0627\u0634\u062a\u0631\u064a\u062a \u0623\u0631\u064a\u0643\u0629 \u0639\u0628\u0631 \u0627\u0644\u0625\u0646\u062a\u0631\u0646\u062a\u060c \u0623\u0648 \u062b\u0644\u0627\u062c\u0629 \u0645\u0646 \u0627\u0644\u0633\u0648\u0642\u060c \u0623\u0648 \u062a\u0646\u062a\u0642\u0644 \u0625\u0644\u0649 \u0634\u0642\u0629 \u062c\u062f\u064a\u062f\u0629\u061f \u0633\u062a\u062a\u0648\u0644\u0649 \u0634\u0631\u0643\u0629 \u0645\u0648\u0641\u064a\u0643\u0633 \u0646\u0642\u0644 \u0623\u062b\u0627\u062b\u0643 \u0648\u0623\u062c\u0647\u0632\u062a\u0643 \u0627\u0644\u0645\u0646\u0632\u0644\u064a\u0629 \u0628\u0623\u0645\u0627\u0646.<\/p><\/div>\n\t\t\t\t<\/div>\n\t\t\t\t\t\t\t<div class=\"elementor-accordion-item\">\n\t\t\t\t\t<div id=\"elementor-tab-title-1214\" class=\"elementor-tab-title\" data-tab=\"4\" role=\"button\" aria-controls=\"elementor-tab-content-1214\" aria-expanded=\"false\">\n\t\t\t\t\t\t\t\t\t\t\t\t\t<span class=\"elementor-accordion-icon elementor-accordion-icon-right\" aria-hidden=\"true\">\n\t\t\t\t\t\t\t\t\t\t\t\t\t\t\t<span class=\"elementor-accordion-icon-closed\"><i class=\"fontello icon-arrow-x-r-down\"><\/i><\/span>\n\t\t\t\t\t\t\t\t<span class=\"elementor-accordion-icon-opened\"><i class=\"fontello icon-arrow-x-r-top\"><\/i><\/span>\n\t\t\t\t\t\t\t\t\t\t\t\t\t\t<\/span>\n\t\t\t\t\t\t\t\t\t\t\t\t<a class=\"elementor-accordion-title\" tabindex=\"0\">\u062a\u0648\u0635\u064a\u0644 \u0633\u0631\u064a\u0639 \u0641\u064a \u0646\u0641\u0633 \u0627\u0644\u064a\u0648\u0645<\/a>\n\t\t\t\t\t<\/div>\n\t\t\t\t\t<div id=\"elementor-tab-content-1214\" class=\"elementor-tab-content elementor-clearfix\" data-tab=\"4\" role=\"region\" aria-labelledby=\"elementor-tab-title-1214\"><p>\u0628\u0627\u0644\u0646\u0633\u0628\u0629 \u0644\u0644\u0634\u062d\u0646\u0627\u062a \u0627\u0644\u0639\u0627\u062c\u0644\u0629\u060c \u062a\u0642\u062f\u0645 \u0634\u0631\u0643\u0629 Mouvix \u062e\u062f\u0645\u0629 \u0633\u0631\u064a\u0639\u0629 \u0645\u0639 \u0625\u0645\u0643\u0627\u0646\u064a\u0629 \u0627\u0644\u0627\u0633\u062a\u0644\u0627\u0645 \u062e\u0644\u0627\u0644 \u0633\u0627\u0639\u0629 \u0648\u0627\u062d\u062f\u0629 \u0648\u0627\u0644\u062a\u0633\u0644\u064a\u0645 \u0627\u0644\u0645\u0636\u0645\u0648\u0646 \u0641\u064a \u0646\u0641\u0633 \u0627\u0644\u064a\u0648\u0645 \u062f\u0627\u062e\u0644 \u0646\u0641\u0633 \u0627\u0644\u0645\u062f\u064a\u0646\u0629.<\/p><\/div>\n\t\t\t\t<\/div>\n\t\t\t\t\t\t\t\t<\/div>\n\t\t\t\t\t\t<\/div>\n\t\t\t\t<\/div>\n\t\t\t\t<\/div>\n\t\t<div class=\"aae-disable-transition elementor-element elementor-element-ffab740 e-flex e-con-boxed cut-corner-no wcf-starter-animations-none sticky-container-off e-con e-parent\" data-id=\"ffab740\" data-element_type=\"container\" data-e-type=\"container\" data-settings=\"{&quot;background_background&quot;:&quot;classic&quot;,&quot;wcf-animation&quot;:&quot;fade&quot;,&quot;delay&quot;:0,&quot;data-duration&quot;:0.8,&quot;fade-offset&quot;:40,&quot;wcf_enable_animation_editor&quot;:&quot;yes&quot;,&quot;wcf_enable_cursor_hover_effect_text&quot;:&quot;View&quot;,&quot;aae_method&quot;:&quot;from&quot;,&quot;aae_trigger&quot;:&quot;on_scroll&quot;,&quot;fade-from&quot;:&quot;bottom&quot;,&quot;ease&quot;:&quot;power2.out&quot;,&quot;aae_enable_header_sticky_area&quot;:&quot;no&quot;,&quot;wcf_enable_horizontal_scroll&quot;:&quot;no&quot;}\">\n\t\t\t\t\t<div class=\"e-con-inner\">\n\t\t\t\t<div class=\"elementor-element elementor-element-8f492c3 elementor-widget elementor-widget-image-carousel\" data-id=\"8f492c3\" data-element_type=\"widget\" data-e-type=\"widget\" data-settings=\"{&quot;slides_to_show&quot;:&quot;6&quot;,&quot;slides_to_show_tablet&quot;:&quot;4&quot;,&quot;navigation&quot;:&quot;none&quot;,&quot;pause_on_hover&quot;:&quot;no&quot;,&quot;pause_on_interaction&quot;:&quot;no&quot;,&quot;image_spacing_custom&quot;:{&quot;unit&quot;:&quot;px&quot;,&quot;size&quot;:&quot;55&quot;,&quot;sizes&quot;:[]},&quot;slides_to_scroll_tablet&quot;:&quot;1&quot;,&quot;autoplay&quot;:&quot;yes&quot;,&quot;autoplay_speed&quot;:5000,&quot;infinite&quot;:&quot;yes&quot;,&quot;speed&quot;:500,&quot;image_spacing_custom_laptop&quot;:{&quot;unit&quot;:&quot;px&quot;,&quot;size&quot;:&quot;&quot;,&quot;sizes&quot;:[]},&quot;image_spacing_custom_tablet_extra&quot;:{&quot;unit&quot;:&quot;px&quot;,&quot;size&quot;:&quot;&quot;,&quot;sizes&quot;:[]},&quot;image_spacing_custom_tablet&quot;:{&quot;unit&quot;:&quot;px&quot;,&quot;size&quot;:&quot;&quot;,&quot;sizes&quot;:[]},&quot;image_spacing_custom_mobile_extra&quot;:{&quot;unit&quot;:&quot;px&quot;,&quot;size&quot;:&quot;&quot;,&quot;sizes&quot;:[]},&quot;image_spacing_custom_mobile&quot;:{&quot;unit&quot;:&quot;px&quot;,&quot;size&quot;:&quot;&quot;,&quot;sizes&quot;:[]},&quot;wcf-animation&quot;:&quot;none&quot;}\" data-widget_type=\"image-carousel.default\">\n\t\t\t\t\t\t\t<div class=\"elementor-image-carousel-wrapper swiper\" role=\"region\" aria-roledescription=\"carousel\" aria-label=\"\u0645\u0639\u0631\u0636 \u0627\u0644\u0635\u0648\u0631 \u0627\u0644\u062f\u0648\u0627\u0631\" dir=\"ltr\">\n\t\t\t<div class=\"elementor-image-carousel swiper-wrapper\" aria-live=\"off\">\n\t\t\t\t\t\t\t\t<div class=\"swiper-slide\" role=\"group\" aria-roledescription=\"slide\" aria-label=\"1 \u0645\u0646 6\"><figure class=\"swiper-slide-inner\"><img decoding=\"async\" class=\"swiper-slide-image\" src=\"https:\/\/mouvixlogistics.com\/wp-content\/uploads\/2026\/04\/decathlon-logo.png\" alt=\"decathlon logo\" \/><\/figure><\/div><div class=\"swiper-slide\" role=\"group\" aria-roledescription=\"slide\" aria-label=\"2 \u0645\u0646 6\"><figure class=\"swiper-slide-inner\"><img decoding=\"async\" class=\"swiper-slide-image\" src=\"https:\/\/mouvixlogistics.com\/wp-content\/uploads\/2026\/04\/marjane-logo.png\" alt=\"marjane logo\" \/><\/figure><\/div><div class=\"swiper-slide\" role=\"group\" aria-roledescription=\"slide\" aria-label=\"3 \u0645\u0646 6\"><figure class=\"swiper-slide-inner\"><img decoding=\"async\" class=\"swiper-slide-image\" src=\"https:\/\/mouvixlogistics.com\/wp-content\/uploads\/2026\/04\/kazyon-logo.webp\" alt=\"kazyon-logo\" \/><\/figure><\/div><div class=\"swiper-slide\" role=\"group\" aria-roledescription=\"slide\" aria-label=\"4 \u0645\u0646 6\"><figure class=\"swiper-slide-inner\"><img decoding=\"async\" class=\"swiper-slide-image\" src=\"https:\/\/mouvixlogistics.com\/wp-content\/uploads\/2026\/04\/Kitea.png\" alt=\"Kitea\" \/><\/figure><\/div><div class=\"swiper-slide\" role=\"group\" aria-roledescription=\"slide\" aria-label=\"5 \u0645\u0646 6\"><figure class=\"swiper-slide-inner\"><img decoding=\"async\" class=\"swiper-slide-image\" src=\"https:\/\/mouvixlogistics.com\/wp-content\/uploads\/2026\/04\/avito-logo.png\" alt=\"avito logo\" \/><\/figure><\/div><div class=\"swiper-slide\" role=\"group\" aria-roledescription=\"slide\" aria-label=\"6 \u0645\u0646 6\"><figure class=\"swiper-slide-inner\"><img decoding=\"async\" class=\"swiper-slide-image\" src=\"https:\/\/mouvixlogistics.com\/wp-content\/uploads\/2026\/04\/LOGO-BIOUGNACH.png\" alt=\"LOGO-BIOUGNACH\" \/><\/figure><\/div>\t\t\t<\/div>\n\t\t\t\t\t\t\t\n\t\t\t\t\t\t\t\t\t<\/div>\n\t\t\t\t\t\t<\/div>\n\t\t\t\t\t<\/div>\n\t\t\t\t<\/div>\n\t\t\t\t<\/div>","protected":false},"excerpt":{"rendered":"<p>Mouvix propose une gamme compl\u00e8te de solutions de transport adapt\u00e9es aux particuliers et aux professionnels, dans plus de 15 villes marocaines. Livraison du dernier kilom\u00e8tre Le dernier kilom\u00e8tre est souvent le plus complexe et le plus co\u00fbteux. Mouvix simplifie cette \u00e9tape&#8230;<\/p>","protected":false},"author":1,"featured_media":0,"parent":0,"menu_order":0,"comment_status":"closed","ping_status":"closed","template":"","meta":{"footnotes":""},"class_list":["post-84","page","type-page","status-publish","hentry"],"_links":{"self":[{"href":"https:\/\/mouvixlogistics.com\/ar\/wp-json\/wp\/v2\/pages\/84","targetHints":{"allow":["GET"]}}],"collection":[{"href":"https:\/\/mouvixlogistics.com\/ar\/wp-json\/wp\/v2\/pages"}],"about":[{"href":"https:\/\/mouvixlogistics.com\/ar\/wp-json\/wp\/v2\/types\/page"}],"author":[{"embeddable":true,"href":"https:\/\/mouvixlogistics.com\/ar\/wp-json\/wp\/v2\/users\/1"}],"replies":[{"embeddable":true,"href":"https:\/\/mouvixlogistics.com\/ar\/wp-json\/wp\/v2\/comments?post=84"}],"version-history":[{"count":10,"href":"https:\/\/mouvixlogistics.com\/ar\/wp-json\/wp\/v2\/pages\/84\/revisions"}],"predecessor-version":[{"id":10065,"href":"https:\/\/mouvixlogistics.com\/ar\/wp-json\/wp\/v2\/pages\/84\/revisions\/10065"}],"wp:attachment":[{"href":"https:\/\/mouvixlogistics.com\/ar\/wp-json\/wp\/v2\/media?parent=84"}],"curies":[{"name":"\u0648\u0648\u0631\u062f\u0628\u0631\u064a\u0633","href":"https:\/\/api.w.org\/{rel}","templated":true}]}}