{"id":82,"date":"2024-02-28T00:23:35","date_gmt":"2024-02-28T00:23:35","guid":{"rendered":"https:\/\/demo.artureanec.com\/themes\/logico\/?page_id=82"},"modified":"2026-04-16T23:29:54","modified_gmt":"2026-04-16T21:29:54","slug":"a-propos","status":"publish","type":"page","link":"https:\/\/mouvixlogistics.com\/ar\/a-propos\/","title":{"rendered":"\u0639\u0646 \u0645\u0648\u0641\u064a\u0643\u0633 \u0644\u0648\u062c\u0633\u062a\u064a\u0643\u0633"},"content":{"rendered":"<div data-elementor-type=\"wp-page\" data-elementor-id=\"82\" class=\"elementor elementor-82\" data-elementor-post-type=\"page\">\n\t\t\t\t<div class=\"aae-disable-transition elementor-element elementor-element-22e120c e-flex e-con-boxed cut-corner-no wcf-starter-animations-none sticky-container-off e-con e-parent\" data-id=\"22e120c\" data-element_type=\"container\" data-e-type=\"container\" data-settings=\"{&quot;wcf-animation&quot;:&quot;fade&quot;,&quot;delay&quot;:0,&quot;data-duration&quot;:1,&quot;fade-offset&quot;:40,&quot;wcf_enable_cursor_hover_effect_text&quot;:&quot;View&quot;,&quot;aae_method&quot;:&quot;from&quot;,&quot;aae_trigger&quot;:&quot;on_scroll&quot;,&quot;fade-from&quot;:&quot;bottom&quot;,&quot;ease&quot;:&quot;power2.out&quot;,&quot;aae_enable_header_sticky_area&quot;:&quot;no&quot;,&quot;wcf_enable_horizontal_scroll&quot;:&quot;no&quot;}\">\n\t\t\t\t\t<div class=\"e-con-inner\">\n\t\t<div class=\"elementor-element elementor-element-d5d2657 e-con-full e-grid cut-corner-no wcf-starter-animations-none sticky-container-off e-con e-child\" data-id=\"d5d2657\" data-element_type=\"container\" data-e-type=\"container\" data-settings=\"{&quot;wcf_enable_cursor_hover_effect_text&quot;:&quot;View&quot;,&quot;wcf-animation&quot;:&quot;none&quot;,&quot;aae_enable_header_sticky_area&quot;:&quot;no&quot;,&quot;wcf_enable_horizontal_scroll&quot;:&quot;no&quot;}\">\n\t\t\t\t<div class=\"elementor-element elementor-element-f3651a4 elementor-invisible elementor-widget elementor-widget-logico_heading\" data-id=\"f3651a4\" data-element_type=\"widget\" data-e-type=\"widget\" data-settings=\"{&quot;_animation&quot;:&quot;logico_heading_animation&quot;,&quot;wcf-animation&quot;:&quot;none&quot;}\" data-widget_type=\"logico_heading.default\">\n\t\t\t\t<div class=\"elementor-widget-container\">\n\t\t\t\t\t<h2 class=\"logico-title\">\u0645\u0646 \u0646\u062d\u0646\u061f\n<\/h2>\t\t\t\t<\/div>\n\t\t\t\t<\/div>\n\t\t\t\t<div class=\"elementor-element elementor-element-cd2557c wcf-starter-animations-none elementor-widget elementor-widget-text-editor\" data-id=\"cd2557c\" data-element_type=\"widget\" data-e-type=\"widget\" data-settings=\"{&quot;wcf_starter_animations&quot;:&quot;none&quot;,&quot;wcf_anim_duration&quot;:1000,&quot;wcf_anim_delay&quot;:0,&quot;wcf_anim_ease&quot;:&quot;ease&quot;,&quot;wcf-animation&quot;:&quot;none&quot;}\" data-widget_type=\"text-editor.default\">\n\t\t\t\t\t\t\t\t\t<p>Mouvix Logistics \u0647\u064a \u0645\u0646\u0635\u0629 \u0646\u0642\u0644 \u0645\u063a\u0631\u0628\u064a\u0629 \u0639\u0646\u062f \u0627\u0644\u0637\u0644\u0628 \u0645\u062a\u062e\u0635\u0635\u0629 \u0641\u064a \u062a\u0648\u0635\u064a\u0644 \u0627\u0644\u0637\u0631\u0648\u062f\u060c \u0648\u0646\u0642\u0644 \u0627\u0644\u0623\u062b\u0627\u062b \u0627\u0644\u062e\u0641\u064a\u0641\u060c \u0648\u0646\u0642\u0644 \u0627\u0644\u0628\u0636\u0627\u0626\u0639 \u0628\u0648\u0627\u0633\u0637\u0629 \u0627\u0644\u0634\u0627\u062d\u0646\u0627\u062a \u0627\u0644\u0635\u063a\u064a\u0631\u0629 \u0648\u0627\u0644\u0645\u0631\u0643\u0628\u0627\u062a \u0645\u062a\u0639\u062f\u062f\u0629 \u0627\u0644\u0627\u0633\u062a\u062e\u062f\u0627\u0645\u0627\u062a.<\/p><p>\u0627\u0646\u0637\u0644\u0627\u0642\u0627\u064b \u0645\u0646 \u0627\u0644\u0631\u063a\u0628\u0629 \u0641\u064a \u062a\u062d\u062f\u064a\u062b \u0642\u0637\u0627\u0639 \u0644\u0627 \u064a\u0632\u0627\u0644 \u064a\u0647\u064a\u0645\u0646 \u0639\u0644\u064a\u0647 \u0627\u0644\u0642\u0637\u0627\u0639 \u063a\u064a\u0631 \u0627\u0644\u0631\u0633\u0645\u064a\u060c \u062a\u0636\u0639 \u0634\u0631\u0643\u0629 Mouvix \u0627\u0644\u062a\u0643\u0646\u0648\u0644\u0648\u062c\u064a\u0627 \u0641\u064a \u062e\u062f\u0645\u0629 \u0627\u0644\u062e\u062f\u0645\u0627\u062a \u0627\u0644\u0644\u0648\u062c\u0633\u062a\u064a\u0629 \u0627\u0644\u064a\u0648\u0645\u064a\u0629: \u0627\u0644\u062d\u062c\u0632 \u0627\u0644\u0641\u0648\u0631\u064a\u060c \u0648\u062a\u062a\u0628\u0639 \u0646\u0638\u0627\u0645 \u062a\u062d\u062f\u064a\u062f \u0627\u0644\u0645\u0648\u0627\u0642\u0639 \u0627\u0644\u0639\u0627\u0644\u0645\u064a (GPS) \u0641\u064a \u0627\u0644\u0648\u0642\u062a \u0627\u0644\u0641\u0639\u0644\u064a\u060c \u0648\u0627\u0644\u062a\u0633\u0639\u064a\u0631 \u0627\u0644\u0634\u0641\u0627\u0641.<\/p>\t\t\t\t\t\t\t\t<\/div>\n\t\t\t\t<\/div>\n\t\t\t\t\t<\/div>\n\t\t\t\t<\/div>\n\t\t<div class=\"aae-disable-transition elementor-element elementor-element-a5ef23a e-flex e-con-boxed cut-corner-no wcf-starter-animations-none sticky-container-off e-con e-parent\" data-id=\"a5ef23a\" data-element_type=\"container\" data-e-type=\"container\" data-settings=\"{&quot;wcf-animation&quot;:&quot;fade&quot;,&quot;delay&quot;:0.4,&quot;data-duration&quot;:1,&quot;fade-offset&quot;:40,&quot;wcf_enable_cursor_hover_effect_text&quot;:&quot;View&quot;,&quot;aae_method&quot;:&quot;from&quot;,&quot;aae_trigger&quot;:&quot;on_scroll&quot;,&quot;fade-from&quot;:&quot;bottom&quot;,&quot;ease&quot;:&quot;power2.out&quot;,&quot;aae_enable_header_sticky_area&quot;:&quot;no&quot;,&quot;wcf_enable_horizontal_scroll&quot;:&quot;no&quot;}\">\n\t\t\t\t\t<div class=\"e-con-inner\">\n\t\t<div class=\"elementor-element elementor-element-0cf7058 e-con-full e-flex cut-corner-no wcf-starter-animations-none sticky-container-off e-con e-child\" data-id=\"0cf7058\" data-element_type=\"container\" data-e-type=\"container\" data-settings=\"{&quot;wcf_enable_cursor_hover_effect_text&quot;:&quot;View&quot;,&quot;wcf-animation&quot;:&quot;none&quot;,&quot;aae_enable_header_sticky_area&quot;:&quot;no&quot;,&quot;wcf_enable_horizontal_scroll&quot;:&quot;no&quot;}\">\n\t\t\t\t<div class=\"elementor-element elementor-element-85560ed elementor-widget elementor-widget-logico_heading\" data-id=\"85560ed\" data-element_type=\"widget\" data-e-type=\"widget\" data-settings=\"{&quot;wcf-animation&quot;:&quot;none&quot;}\" data-widget_type=\"logico_heading.default\">\n\t\t\t\t<div class=\"elementor-widget-container\">\n\t\t\t\t\t<div class=\"logico-title\">\/ \u0645\u0648\u0641\u064a\u0643\u0633 \/\n<\/div>\t\t\t\t<\/div>\n\t\t\t\t<\/div>\n\t\t\t\t<div class=\"elementor-element elementor-element-48afe6d elementor-widget__width-initial elementor-invisible elementor-widget elementor-widget-logico_heading\" data-id=\"48afe6d\" data-element_type=\"widget\" data-e-type=\"widget\" data-settings=\"{&quot;_animation&quot;:&quot;logico_heading_animation&quot;,&quot;wcf-animation&quot;:&quot;none&quot;}\" data-widget_type=\"logico_heading.default\">\n\t\t\t\t<div class=\"elementor-widget-container\">\n\t\t\t\t\t<h3 class=\"logico-title\">\u0631\u0624\u064a\u062a\u0646\u0627\n<\/h3>\t\t\t\t<\/div>\n\t\t\t\t<\/div>\n\t\t\t\t<div class=\"elementor-element elementor-element-b821fca elementor-widget elementor-widget-logico_timeline\" data-id=\"b821fca\" data-element_type=\"widget\" data-e-type=\"widget\" data-settings=\"{&quot;wcf-animation&quot;:&quot;none&quot;}\" data-widget_type=\"logico_timeline.default\">\n\t\t\t\t<div class=\"elementor-widget-container\">\n\t\t\t\t\t\n        <div class=\"logico-timeline-widget\">\n\n            <div class=\"custom-cursor-drag\"><\/div>\n            \n            <div class=\"timeline-slider owl-carousel owl-theme custom-cursor-enable show-inactive-items\" data-slider-options=\"{&quot;autoHeight&quot;:false,&quot;items&quot;:2,&quot;itemsWidescreen&quot;:2,&quot;itemsLaptop&quot;:2,&quot;itemsTabletExtra&quot;:2,&quot;itemsTablet&quot;:1,&quot;itemsMobileExtra&quot;:1,&quot;itemsMobile&quot;:1,&quot;nav&quot;:false,&quot;dots&quot;:true,&quot;progress&quot;:true,&quot;autoplayHoverPause&quot;:false,&quot;autoplay&quot;:false,&quot;autoplaySpeed&quot;:300,&quot;autoplayTimeout&quot;:5000,&quot;loop&quot;:false,&quot;dragEndSpeed&quot;:500,&quot;navSpeed&quot;:500,&quot;dotsSpeed&quot;:500,&quot;dotsContainer&quot;:&quot;.owl-dots-b821fca&quot;,&quot;rtl&quot;:true}\">\n                <div class=\"timeline-item slider-item\"><div class=\"timeline-period\">\u0627\u0644\u0634\u0641\u0627\u0641\u064a\u0629<\/div><div class=\"timeline-title\">\u0644\u0627 \u0645\u062c\u0627\u0644 \u0644\u0644\u062a\u0641\u0627\u0648\u0636\u060c \u0648\u0644\u0627 \u0645\u0641\u0627\u062c\u0622\u062a. \u0627\u0644\u0633\u0639\u0631 \u0627\u0644\u0645\u0639\u0631\u0648\u0636 \u0647\u0648 \u0627\u0644\u0633\u0639\u0631 \u0627\u0644\u0645\u062f\u0641\u0648\u0639.<\/div><div class=\"timeline-description\">\u0646\u062c\u0639\u0644 \u0646\u0642\u0644 \u0627\u0644\u0628\u0636\u0627\u0626\u0639 \u0645\u062a\u0627\u062d\u0627\u064b \u0648\u0645\u0648\u062b\u0648\u0642\u0627\u064b \u0648\u0628\u0623\u0633\u0639\u0627\u0631 \u0645\u0639\u0642\u0648\u0644\u0629 \u0644\u0643\u0644 \u0645\u063a\u0631\u0628\u064a\u060c \u0641\u0631\u062f\u0627\u064b \u0643\u0627\u0646 \u0623\u0648 \u0634\u0631\u0643\u0629. \u0646\u0624\u0645\u0646 \u0628\u0623\u0646 \u0637\u0644\u0628 \u0634\u0627\u062d\u0646\u0629 \u0644\u0646\u0642\u0644 \u0627\u0644\u0623\u062b\u0627\u062b \u0623\u0648 \u062a\u0648\u0635\u064a\u0644 \u0637\u0644\u0628\u064a\u0629 \u064a\u062c\u0628 \u0623\u0646 \u064a\u0643\u0648\u0646 \u0633\u0647\u0644\u0627\u064b \u0643\u062d\u062c\u0632 \u062e\u062f\u0645\u0629 \u0633\u064a\u0627\u0631\u0627\u062a \u0627\u0644\u0623\u062c\u0631\u0629.<\/div><\/div><div class=\"timeline-item slider-item\"><div class=\"timeline-period\">\u0645\u0635\u062f\u0627\u0642\u064a\u0629<\/div><div class=\"timeline-title\">\u062a\u0645 \u0627\u0644\u062a\u062d\u0642\u0642 \u0645\u0646 \u0627\u0644\u0633\u0627\u0626\u0642\u064a\u0646\u060c \u0648\u0627\u0644\u0627\u0644\u062a\u0632\u0627\u0645 \u0628\u0627\u0644\u0645\u0648\u0627\u0639\u064a\u062f \u0627\u0644\u0646\u0647\u0627\u0626\u064a\u0629\u060c \u0648\u062a\u0623\u0645\u064a\u0646 \u0627\u0644\u0628\u0636\u0627\u0626\u0639.<\/div><div class=\"timeline-description\">\u0623\u0646 \u0646\u0635\u0628\u062d \u0627\u0644\u0645\u0639\u064a\u0627\u0631 \u0641\u064a \u0645\u062c\u0627\u0644 \u0627\u0644\u0646\u0642\u0644 \u0627\u0644\u062e\u0641\u064a\u0641 \u0641\u064a \u0627\u0644\u0645\u063a\u0631\u0628 \u0648\u0634\u0645\u0627\u0644 \u0625\u0641\u0631\u064a\u0642\u064a\u0627\u060c \u0645\u0646 \u062e\u0644\u0627\u0644 \u0628\u0646\u0627\u0621 \u0634\u0628\u0643\u0629 \u0645\u062a\u0635\u0644\u0629 \u0645\u0646 \u0627\u0644\u0633\u0627\u0626\u0642\u064a\u0646 \u0627\u0644\u0634\u0631\u0643\u0627\u0621 \u062a\u063a\u0637\u064a \u0643\u0644 \u0645\u062f\u064a\u0646\u0629 \u0648\u0643\u0644 \u0637\u0631\u064a\u0642 \u0641\u064a \u0627\u0644\u0645\u0645\u0644\u0643\u0629.<\/div><\/div><div class=\"timeline-item slider-item\"><div class=\"timeline-period\">\u0627\u0628\u062a\u0643\u0627\u0631<\/div><div class=\"timeline-title\">\u062a\u0637\u0628\u064a\u0642 \u0645\u0635\u0645\u0645 \u0644\u062a\u0628\u0633\u064a\u0637 \u0643\u0644 \u062e\u0637\u0648\u0629\u060c \u0645\u0646 \u0639\u0631\u0636 \u0627\u0644\u0623\u0633\u0639\u0627\u0631 \u0625\u0644\u0649 \u0627\u0644\u062a\u0633\u0644\u064a\u0645.<\/div><\/div><div class=\"timeline-item slider-item\"><div class=\"timeline-period\">\u0627\u0644\u0642\u0631\u0628<\/div><div class=\"timeline-title\">\u0645\u062a\u0648\u0627\u062c\u062f\u0629 \u0641\u064a \u0623\u0643\u062b\u0631 \u0645\u0646 15 \u0645\u062f\u064a\u0646\u0629 \u0645\u063a\u0631\u0628\u064a\u0629\u060c \u0645\u0639 \u062e\u062f\u0645\u0629 \u0639\u0645\u0644\u0627\u0621 \u0633\u0631\u064a\u0639\u0629 \u0627\u0644\u0627\u0633\u062a\u062c\u0627\u0628\u0629 \u0628\u0627\u0644\u0644\u063a\u0627\u062a \u0627\u0644\u0641\u0631\u0646\u0633\u064a\u0629 \u0648\u0627\u0644\u0639\u0631\u0628\u064a\u0629 \u0648\u0627\u0644\u062f\u0627\u0631\u062c\u0629.<\/div><\/div>            <\/div>\n\n            <div class=\"slider-footer slider-footer-view-outside slider-footer-position-after slider-footer-width-full\"><div class=\"slider-footer-content\"><div class=\"slider-pagination\"><div class=\"slider-progress-wrapper\"><span class=\"slider-progress-current\">01<\/span> \/<span class=\"slider-progress-all\">01<\/span><\/div><div class=\"owl-dots owl-dots-b821fca\"><\/div><\/div><\/div><\/div>\n        <\/div>\n\n        \t\t\t\t<\/div>\n\t\t\t\t<\/div>\n\t\t\t\t<\/div>\n\t\t\t\t\t<\/div>\n\t\t\t\t<\/div>\n\t\t<div class=\"aae-disable-transition elementor-element elementor-element-a50f3ad e-flex e-con-boxed cut-corner-no wcf-starter-animations-none sticky-container-off e-con e-parent\" data-parallax=\"scroll\" data-id=\"a50f3ad\" data-element_type=\"container\" data-e-type=\"container\" data-settings=\"{&quot;background_background&quot;:&quot;classic&quot;,&quot;wcf-animation&quot;:&quot;fade&quot;,&quot;delay&quot;:0.4,&quot;data-duration&quot;:1,&quot;fade-offset&quot;:40,&quot;wcf_enable_cursor_hover_effect_text&quot;:&quot;View&quot;,&quot;aae_method&quot;:&quot;from&quot;,&quot;aae_trigger&quot;:&quot;on_scroll&quot;,&quot;fade-from&quot;:&quot;bottom&quot;,&quot;ease&quot;:&quot;power2.out&quot;,&quot;aae_enable_header_sticky_area&quot;:&quot;no&quot;,&quot;wcf_enable_horizontal_scroll&quot;:&quot;no&quot;}\">\n\t\t\t\t\t<div class=\"e-con-inner\">\n\t\t<div class=\"elementor-element elementor-element-c8f6374 e-con-full e-flex cut-corner-no wcf-starter-animations-none sticky-container-off e-con e-child\" data-id=\"c8f6374\" data-element_type=\"container\" data-e-type=\"container\" data-settings=\"{&quot;wcf_enable_cursor_hover_effect_text&quot;:&quot;View&quot;,&quot;wcf-animation&quot;:&quot;none&quot;,&quot;aae_enable_header_sticky_area&quot;:&quot;no&quot;,&quot;wcf_enable_horizontal_scroll&quot;:&quot;no&quot;}\">\n\t\t\t\t<div class=\"elementor-element elementor-element-760ccce elementor-absolute e-transform elementor-widget elementor-widget-logico_video_button\" data-id=\"760ccce\" data-element_type=\"widget\" data-e-type=\"widget\" data-settings=\"{&quot;youtube_url&quot;:&quot;https:\\\/\\\/www.youtube.com\\\/watch?v=XHOmBV4js_E&quot;,&quot;_position&quot;:&quot;absolute&quot;,&quot;_transform_translateX_effect_mobile_extra&quot;:{&quot;unit&quot;:&quot;%&quot;,&quot;size&quot;:0,&quot;sizes&quot;:[]},&quot;_transform_translateX_effect_mobile&quot;:{&quot;unit&quot;:&quot;%&quot;,&quot;size&quot;:&quot;&quot;,&quot;sizes&quot;:[]},&quot;video_type&quot;:&quot;youtube&quot;,&quot;controls&quot;:&quot;yes&quot;,&quot;lightbox&quot;:&quot;yes&quot;,&quot;wcf-animation&quot;:&quot;none&quot;,&quot;_transform_translateX_effect&quot;:{&quot;unit&quot;:&quot;px&quot;,&quot;size&quot;:&quot;&quot;,&quot;sizes&quot;:[]},&quot;_transform_translateX_effect_laptop&quot;:{&quot;unit&quot;:&quot;px&quot;,&quot;size&quot;:&quot;&quot;,&quot;sizes&quot;:[]},&quot;_transform_translateX_effect_tablet_extra&quot;:{&quot;unit&quot;:&quot;px&quot;,&quot;size&quot;:&quot;&quot;,&quot;sizes&quot;:[]},&quot;_transform_translateX_effect_tablet&quot;:{&quot;unit&quot;:&quot;px&quot;,&quot;size&quot;:&quot;&quot;,&quot;sizes&quot;:[]},&quot;_transform_translateY_effect&quot;:{&quot;unit&quot;:&quot;px&quot;,&quot;size&quot;:&quot;&quot;,&quot;sizes&quot;:[]},&quot;_transform_translateY_effect_laptop&quot;:{&quot;unit&quot;:&quot;px&quot;,&quot;size&quot;:&quot;&quot;,&quot;sizes&quot;:[]},&quot;_transform_translateY_effect_tablet_extra&quot;:{&quot;unit&quot;:&quot;px&quot;,&quot;size&quot;:&quot;&quot;,&quot;sizes&quot;:[]},&quot;_transform_translateY_effect_tablet&quot;:{&quot;unit&quot;:&quot;px&quot;,&quot;size&quot;:&quot;&quot;,&quot;sizes&quot;:[]},&quot;_transform_translateY_effect_mobile_extra&quot;:{&quot;unit&quot;:&quot;px&quot;,&quot;size&quot;:&quot;&quot;,&quot;sizes&quot;:[]},&quot;_transform_translateY_effect_mobile&quot;:{&quot;unit&quot;:&quot;px&quot;,&quot;size&quot;:&quot;&quot;,&quot;sizes&quot;:[]}}\" data-widget_type=\"logico_video_button.default\">\n\t\t\t\t<div class=\"elementor-widget-container\">\n\t\t\t\t\t        <div class=\"elementor-wrapper elementor-open-lightbox logico-video-button video-button-animation-lift\">\n                        <div class=\"elementor-custom-embed-image-overlay video-button-wrapper\" data-elementor-open-lightbox=\"yes\" data-elementor-lightbox=\"{&quot;type&quot;:&quot;video&quot;,&quot;videoType&quot;:&quot;youtube&quot;,&quot;url&quot;:&quot;https:\\\/\\\/www.youtube.com\\\/embed\\\/XHOmBV4js_E?feature=oembed&amp;start&amp;end&amp;wmode=opaque&amp;loop=0&amp;controls=1&amp;mute=0&amp;rel=0&amp;cc_load_policy=0&quot;,&quot;autoplay&quot;:&quot;&quot;,&quot;modalOptions&quot;:{&quot;id&quot;:&quot;elementor-lightbox-760ccce&quot;,&quot;entranceAnimation&quot;:&quot;&quot;,&quot;entranceAnimation_tablet&quot;:&quot;&quot;,&quot;entranceAnimation_mobile&quot;:&quot;&quot;,&quot;videoAspectRatio&quot;:&quot;169&quot;}}\" data-e-action-hash=\"#elementor-action%3Aaction%3Dlightbox%26settings%3DeyJ0eXBlIjoidmlkZW8iLCJ2aWRlb1R5cGUiOiJ5b3V0dWJlIiwidXJsIjoiaHR0cHM6XC9cL3d3dy55b3V0dWJlLmNvbVwvZW1iZWRcL1hIT21CVjRqc19FP2ZlYXR1cmU9b2VtYmVkJnN0YXJ0JmVuZCZ3bW9kZT1vcGFxdWUmbG9vcD0wJmNvbnRyb2xzPTEmbXV0ZT0wJnJlbD0wJmNjX2xvYWRfcG9saWN5PTAiLCJhdXRvcGxheSI6IiIsIm1vZGFsT3B0aW9ucyI6eyJpZCI6ImVsZW1lbnRvci1saWdodGJveC03NjBjY2NlIiwiZW50cmFuY2VBbmltYXRpb24iOiIiLCJlbnRyYW5jZUFuaW1hdGlvbl90YWJsZXQiOiIiLCJlbnRyYW5jZUFuaW1hdGlvbl9tb2JpbGUiOiIiLCJ2aWRlb0FzcGVjdFJhdGlvIjoiMTY5In19\">\n                <div class=\"elementor-custom-embed-play\" role=\"button\"><div class=\"video-button-icon\"><\/div><div class=\"video-button-label\">\u0634\u0627\u0647\u062f \u0627\u0644\u0641\u064a\u062f\u064a\u0648<\/div><\/div>            <\/div>\n        <\/div>\n        \t\t\t\t<\/div>\n\t\t\t\t<\/div>\n\t\t\t\t<\/div>\n\t\t\t\t\t<\/div>\n\t\t\t\t<\/div>\n\t\t<div class=\"aae-disable-transition elementor-element elementor-element-577e142 e-flex e-con-boxed cut-corner-no wcf-starter-animations-none sticky-container-off e-con e-parent\" data-id=\"577e142\" data-element_type=\"container\" data-e-type=\"container\" data-settings=\"{&quot;background_background&quot;:&quot;classic&quot;,&quot;wcf-animation&quot;:&quot;fade&quot;,&quot;delay&quot;:0,&quot;fade-from&quot;:&quot;top&quot;,&quot;data-duration&quot;:0.6,&quot;fade-offset&quot;:35,&quot;wcf_enable_animation_editor&quot;:&quot;yes&quot;,&quot;wcf_enable_cursor_hover_effect_text&quot;:&quot;View&quot;,&quot;aae_method&quot;:&quot;from&quot;,&quot;aae_trigger&quot;:&quot;on_scroll&quot;,&quot;ease&quot;:&quot;power2.out&quot;,&quot;aae_enable_header_sticky_area&quot;:&quot;no&quot;,&quot;wcf_enable_horizontal_scroll&quot;:&quot;no&quot;}\">\n\t\t\t\t\t<div class=\"e-con-inner\">\n\t\t<div class=\"elementor-element elementor-element-3b79620 e-con-full e-grid cut-corner-no wcf-starter-animations-none sticky-container-off e-con e-child\" data-id=\"3b79620\" data-element_type=\"container\" data-e-type=\"container\" data-settings=\"{&quot;wcf_enable_cursor_hover_effect_text&quot;:&quot;View&quot;,&quot;wcf-animation&quot;:&quot;none&quot;,&quot;aae_enable_header_sticky_area&quot;:&quot;no&quot;,&quot;wcf_enable_horizontal_scroll&quot;:&quot;no&quot;}\">\n\t\t\t\t<div class=\"elementor-element elementor-element-93eb06f elementor-widget elementor-widget-counter\" data-id=\"93eb06f\" data-element_type=\"widget\" data-e-type=\"widget\" data-settings=\"{&quot;wcf-animation&quot;:&quot;fade&quot;,&quot;delay&quot;:0,&quot;fade-from&quot;:&quot;left&quot;,&quot;data-duration&quot;:0.8,&quot;fade-offset&quot;:40,&quot;wcf_enable_animation_editor&quot;:&quot;yes&quot;,&quot;aae_method&quot;:&quot;from&quot;,&quot;aae_trigger&quot;:&quot;on_scroll&quot;,&quot;ease&quot;:&quot;power2.out&quot;}\" data-widget_type=\"counter.default\">\n\t\t\t\t\t\t\t<div class=\"elementor-counter\">\n\t\t\t<div class=\"elementor-counter-title\">\u0627\u0644\u0645\u062f\u0646 \u0627\u0644\u062a\u064a \u062a\u063a\u0637\u064a\u0647\u0627 \u0627\u0644\u0645\u063a\u0631\u0628<\/div>\t\t\t<div class=\"elementor-counter-number-wrapper\">\n\t\t\t\t<span class=\"elementor-counter-number-prefix\"><\/span>\n\t\t\t\t<span class=\"elementor-counter-number\" data-duration=\"2000\" data-to-value=\"15\" data-from-value=\"1\" data-delimiter=\".\">1<\/span>\n\t\t\t\t<span class=\"elementor-counter-number-suffix\">+<\/span>\n\t\t\t<\/div>\n\t\t<\/div>\n\t\t\t\t\t\t<\/div>\n\t\t\t\t<div class=\"elementor-element elementor-element-e688ebb elementor-widget elementor-widget-counter\" data-id=\"e688ebb\" data-element_type=\"widget\" data-e-type=\"widget\" data-settings=\"{&quot;wcf-animation&quot;:&quot;fade&quot;,&quot;delay&quot;:0.2,&quot;fade-from&quot;:&quot;top&quot;,&quot;data-duration&quot;:0.8,&quot;fade-offset&quot;:40,&quot;wcf_enable_animation_editor&quot;:&quot;yes&quot;,&quot;aae_method&quot;:&quot;from&quot;,&quot;aae_trigger&quot;:&quot;on_scroll&quot;,&quot;ease&quot;:&quot;power2.out&quot;}\" data-widget_type=\"counter.default\">\n\t\t\t\t\t\t\t<div class=\"elementor-counter\">\n\t\t\t<div class=\"elementor-counter-title\">\u0643\u0645\u064a\u0627\u062a \u0647\u0627\u0626\u0644\u0629 \u0645\u0646 \u0627\u0644\u0628\u0636\u0627\u0626\u0639<\/div>\t\t\t<div class=\"elementor-counter-number-wrapper\">\n\t\t\t\t<span class=\"elementor-counter-number-prefix\"><\/span>\n\t\t\t\t<span class=\"elementor-counter-number\" data-duration=\"2000\" data-to-value=\"500\" data-from-value=\"300\" data-delimiter=\".\">300<\/span>\n\t\t\t\t<span class=\"elementor-counter-number-suffix\">+<\/span>\n\t\t\t<\/div>\n\t\t<\/div>\n\t\t\t\t\t\t<\/div>\n\t\t\t\t<div class=\"elementor-element elementor-element-83a0b98 elementor-widget elementor-widget-counter\" data-id=\"83a0b98\" data-element_type=\"widget\" data-e-type=\"widget\" data-settings=\"{&quot;wcf-animation&quot;:&quot;fade&quot;,&quot;delay&quot;:0.5,&quot;data-duration&quot;:0.8,&quot;fade-offset&quot;:40,&quot;wcf_enable_animation_editor&quot;:&quot;yes&quot;,&quot;aae_method&quot;:&quot;from&quot;,&quot;aae_trigger&quot;:&quot;on_scroll&quot;,&quot;fade-from&quot;:&quot;bottom&quot;,&quot;ease&quot;:&quot;power2.out&quot;}\" data-widget_type=\"counter.default\">\n\t\t\t\t\t\t\t<div class=\"elementor-counter\">\n\t\t\t<div class=\"elementor-counter-title\">\u062a\u0645 \u0625\u062a\u0645\u0627\u0645 \u0639\u0645\u0644\u064a\u0627\u062a \u0627\u0644\u062a\u0633\u0644\u064a\u0645<\/div>\t\t\t<div class=\"elementor-counter-number-wrapper\">\n\t\t\t\t<span class=\"elementor-counter-number-prefix\"><\/span>\n\t\t\t\t<span class=\"elementor-counter-number\" data-duration=\"2000\" data-to-value=\"1000\" data-from-value=\"900\" data-delimiter=\".\">900<\/span>\n\t\t\t\t<span class=\"elementor-counter-number-suffix\">+<\/span>\n\t\t\t<\/div>\n\t\t<\/div>\n\t\t\t\t\t\t<\/div>\n\t\t\t\t<div class=\"elementor-element elementor-element-e4df369 elementor-widget elementor-widget-counter\" data-id=\"e4df369\" data-element_type=\"widget\" data-e-type=\"widget\" data-settings=\"{&quot;wcf-animation&quot;:&quot;fade&quot;,&quot;delay&quot;:0.6,&quot;fade-from&quot;:&quot;right&quot;,&quot;data-duration&quot;:0.8,&quot;fade-offset&quot;:40,&quot;wcf_enable_animation_editor&quot;:&quot;yes&quot;,&quot;aae_method&quot;:&quot;from&quot;,&quot;aae_trigger&quot;:&quot;on_scroll&quot;,&quot;ease&quot;:&quot;power2.out&quot;}\" data-widget_type=\"counter.default\">\n\t\t\t\t\t\t\t<div class=\"elementor-counter\">\n\t\t\t<div class=\"elementor-counter-title\">\u0645\u062a\u0648\u0633\u0637 \u0631\u0636\u0627 \u0627\u0644\u0639\u0645\u0644\u0627\u0621<\/div>\t\t\t<div class=\"elementor-counter-number-wrapper\">\n\t\t\t\t<span class=\"elementor-counter-number-prefix\">5\/<\/span>\n\t\t\t\t<span class=\"elementor-counter-number\" data-duration=\"2000\" data-to-value=\"5\" data-from-value=\"1\" data-delimiter=\".\">1<\/span>\n\t\t\t\t<span class=\"elementor-counter-number-suffix\"><\/span>\n\t\t\t<\/div>\n\t\t<\/div>\n\t\t\t\t\t\t<\/div>\n\t\t\t\t<\/div>\n\t\t\t\t\t<\/div>\n\t\t\t\t<\/div>\n\t\t\t\t<\/div>","protected":false},"excerpt":{"rendered":"<p>Mouvix Logistics est une plateforme marocaine de transport \u00e0 la demande sp\u00e9cialis\u00e9e dans la livraison de colis, le d\u00e9m\u00e9nagement l\u00e9ger et le transport de marchandises par van et v\u00e9hicules utilitaires. N\u00e9e de la volont\u00e9 de moderniser un secteur encore domin\u00e9 par&#8230;<\/p>","protected":false},"author":1,"featured_media":0,"parent":0,"menu_order":0,"comment_status":"closed","ping_status":"closed","template":"elementor_header_footer","meta":{"footnotes":""},"class_list":["post-82","page","type-page","status-publish","hentry"],"_links":{"self":[{"href":"https:\/\/mouvixlogistics.com\/ar\/wp-json\/wp\/v2\/pages\/82","targetHints":{"allow":["GET"]}}],"collection":[{"href":"https:\/\/mouvixlogistics.com\/ar\/wp-json\/wp\/v2\/pages"}],"about":[{"href":"https:\/\/mouvixlogistics.com\/ar\/wp-json\/wp\/v2\/types\/page"}],"author":[{"embeddable":true,"href":"https:\/\/mouvixlogistics.com\/ar\/wp-json\/wp\/v2\/users\/1"}],"replies":[{"embeddable":true,"href":"https:\/\/mouvixlogistics.com\/ar\/wp-json\/wp\/v2\/comments?post=82"}],"version-history":[{"count":31,"href":"https:\/\/mouvixlogistics.com\/ar\/wp-json\/wp\/v2\/pages\/82\/revisions"}],"predecessor-version":[{"id":10062,"href":"https:\/\/mouvixlogistics.com\/ar\/wp-json\/wp\/v2\/pages\/82\/revisions\/10062"}],"wp:attachment":[{"href":"https:\/\/mouvixlogistics.com\/ar\/wp-json\/wp\/v2\/media?parent=82"}],"curies":[{"name":"\u0648\u0648\u0631\u062f\u0628\u0631\u064a\u0633","href":"https:\/\/api.w.org\/{rel}","templated":true}]}}